{"id":130,"date":"2020-01-23T11:06:17","date_gmt":"2020-01-23T11:06:17","guid":{"rendered":"http:\/\/ecoedilprofessional.com\/?page_id=130"},"modified":"2020-01-31T10:18:35","modified_gmt":"2020-01-31T10:18:35","slug":"links","status":"publish","type":"page","link":"https:\/\/ecoedilprofessional.com\/index.php\/links\/","title":{"rendered":"Links"},"content":{"rendered":"\n<p>Amianto, o pi\u00f9 raramente asbeto, sono i termini usati per indicare una famiglia di minerali a struttura fibrosa (silicati) facilmente reperibili in natura e molto resistenti. Amianto deriva infatti dal termine greco &#8220;amiantos&#8221;, che significa incorruttibile, cos\u00ec come il termine &#8220;asbestos&#8221; che significa propriamente incombustibile. Anticamente le propriet\u00e0 \u201cmagiche\u201d dell\u2019amianto erano gi\u00e0 conosciute; si credeva addirittura che questo materiale una volta acceso non si potesse pi\u00f9 spegnere. La stessa radice ha il termine asbestosi con cui si indica la malattia causata dall\u2019ispirazione di polvere (fibre) d\u2019amianto. <br> L\u2019insieme dei prodotti contenenti amianto si suddivide in due importanti raggruppamenti in funzione delle caratteristiche dei manufatti e della loro conseguente pericolosit\u00e0: <\/p>\n\n\n\n<ul class=\"wp-block-list\"><li><strong>Prodotti a matrice compatta<\/strong>:<br>In questo tipo di prodotti l\u2019amianto \u00e8 abbinato con un legante, solitamente cemento, per la realizzazione di elementi solidi (compatti) tipo lastre, tubi, ecc.<\/li><li><strong>Prodotti a matrice friabile<\/strong>:<br>Tipologia di prodotti a base di amianto non legato con il cemento: intonaci spruzzati, prodotti tessili, lana per coibentazioni, ecc.<\/li><\/ul>\n\n\n\n<p>Le fibre dell\u2019amianto sono di dimensioni molto piccole; queste, se disperse nell\u2019aria, possono quindi essere respirate facilmente e sono difficilmente eliminabili dalle difese naturali del nostro organismo.<br>I prodotti che si presentano in matrice friabile sono quindi molto pi\u00f9 pericolosi di quelli a matrice compatta, in quanto \u00e8 maggiore il rischio di respirare le fibre pi\u00f9 facilmente volatili.<br>Per quanto concerne i materiali compatti, non bisogna lasciarsi ingannare dalla loro apparente minore pericolosit\u00e0; infatti, col tempo il progressivo degrado del legante pu\u00f2 portare alla liberazione di fibre di amianto nell\u2019aria.<\/p>\n\n\n\n<p>Le principali caratteristiche tecniche dell\u2019amianto sono: la flessibilit\u00e0, resistenza alla corrosione, resistenza al calore, capacit\u00e0 termo e fono isolanti, stabilit\u00e0 di superficie, resistenza a trazione ed usura, resistenza a sostanze organiche.<br><br>L\u2019amianto grazie alle sue buone qualit\u00e0 e alla sua duttilit\u00e0 \u00e8 stato molto impiegato in diversi settori (edile, meccanico, antincendio, ingegneria navale. ecc.), prima ancora che crescesse la sensibilizzazione verso gli effetti dannosi e letali che per la salute questo materiale pu\u00f2 avere.<br><br>L\u2019amianto \u00e8 stato usato per la produzione di una grande variet\u00e0 di manufatti per uso civile ed industriale, sempre in forma compatta esso \u00e8 stato impiegato per la realizzazione di tettoie, sottotetti, pavimenti, ecc.<\/p>\n","protected":false},"excerpt":{"rendered":"<p>Amianto, o pi\u00f9 raramente asbeto, sono i termini usati per indicare una famiglia di minerali a struttura fibrosa (silicati) facilmente reperibili in natura e molto resistenti. Amianto deriva infatti dal termine greco &#8220;amiantos&#8221;, che significa incorruttibile, cos\u00ec come il termine &#8220;asbestos&#8221; che significa propriamente incombustibile. Anticamente le propriet\u00e0 \u201cmagiche\u201d dell\u2019amianto erano gi\u00e0 conosciute; si credeva &hellip; <\/p>\n<p class=\"link-more\"><a href=\"https:\/\/ecoedilprofessional.com\/index.php\/links\/\" class=\"more-link\">Leggi tutto<span class=\"screen-reader-text\"> &#8220;Links&#8221;<\/span><\/a><\/p>\n","protected":false},"author":1,"featured_media":0,"parent":0,"menu_order":0,"comment_status":"closed","ping_status":"closed","template":"","meta":{"footnotes":""},"class_list":["post-130","page","type-page","status-publish","hentry"],"_links":{"self":[{"href":"https:\/\/ecoedilprofessional.com\/index.php\/wp-json\/wp\/v2\/pages\/130","targetHints":{"allow":["GET"]}}],"collection":[{"href":"https:\/\/ecoedilprofessional.com\/index.php\/wp-json\/wp\/v2\/pages"}],"about":[{"href":"https:\/\/ecoedilprofessional.com\/index.php\/wp-json\/wp\/v2\/types\/page"}],"author":[{"embeddable":true,"href":"https:\/\/ecoedilprofessional.com\/index.php\/wp-json\/wp\/v2\/users\/1"}],"replies":[{"embeddable":true,"href":"https:\/\/ecoedilprofessional.com\/index.php\/wp-json\/wp\/v2\/comments?post=130"}],"version-history":[{"count":2,"href":"https:\/\/ecoedilprofessional.com\/index.php\/wp-json\/wp\/v2\/pages\/130\/revisions"}],"predecessor-version":[{"id":227,"href":"https:\/\/ecoedilprofessional.com\/index.php\/wp-json\/wp\/v2\/pages\/130\/revisions\/227"}],"wp:attachment":[{"href":"https:\/\/ecoedilprofessional.com\/index.php\/wp-json\/wp\/v2\/media?parent=130"}],"curies":[{"name":"wp","href":"https:\/\/api.w.org\/{rel}","templated":true}]}}