{"id":83,"date":"2020-01-23T08:49:30","date_gmt":"2020-01-23T08:49:30","guid":{"rendered":"http:\/\/ecoedilprofessional.com\/?page_id=83"},"modified":"2021-05-18T10:43:52","modified_gmt":"2021-05-18T10:43:52","slug":"storia","status":"publish","type":"page","link":"https:\/\/ecoedilprofessional.com\/index.php\/storia\/","title":{"rendered":"Storia"},"content":{"rendered":"\n<p> <strong>Ecoedil Professional S.r.l.<\/strong> \u00e8 stata fondata nel 1995 con lo scopo principale di consolidare le esperienze maturate dai soci che avevano iniziato le attivit\u00e0 di bonifica nella met\u00e0 degli anni 80, e di sviluppare altre attivit\u00e0 nel settore ambientale.  <\/p>\n\n\n\n<p>Oltre alla tradizionale attivit\u00e0 specialistica nelle bonifiche, iniziano le prime attivit\u00e0 in settori collaterali, nell\u2019ambito di una pianificazione strategica nel settore impiantistico civile, industriale e navale ed edile. <\/p>\n\n\n\n<p>Per garantire un miglior servizio ai Clienti, l\u2019Azienda si \u00e8 certificata per la bonifica di materiali contenenti amianto sia in matrice friabile che compatta e nella ricostruzione delle coperture bonificate, utilizzando le norme e le metodiche \u00a0dapprima della UNI EN ISO 9000, divenuta poi UNI ISO 9001 \u00a0\u00a0nell\u2019anno 2006, quindi ottenendo la\u00a0 UNI ISO 14001 nel 2008 e quindi ottenendo la certificazione OHSAS 18001:2007 per la salute e sicurezza nei luoghi di lavoro nell\u2019anno 2008  diventata poi 45001<br><br>Date le dimensioni ed il livello tecnologico raggiunti, in ambito di bonifiche o settori da noi sviluppati, ci sono lusinghieri riferimenti alla nostra Azienda.  <br><br>Ricordiamo alcune fra le opere eseguite, suddivise per clienti civili, industriali e militari. <\/p>\n\n\n\n<p><\/p>\n","protected":false},"excerpt":{"rendered":"<p>Ecoedil Professional S.r.l. \u00e8 stata fondata nel 1995 con lo scopo principale di consolidare le esperienze maturate dai soci che avevano iniziato le attivit\u00e0 di bonifica nella met\u00e0 degli anni 80, e di sviluppare altre attivit\u00e0 nel settore ambientale. Oltre alla tradizionale attivit\u00e0 specialistica nelle bonifiche, iniziano le prime attivit\u00e0 in settori collaterali, nell\u2019ambito di &hellip; <\/p>\n<p class=\"link-more\"><a href=\"https:\/\/ecoedilprofessional.com\/index.php\/storia\/\" class=\"more-link\">Leggi tutto<span class=\"screen-reader-text\"> &#8220;Storia&#8221;<\/span><\/a><\/p>\n","protected":false},"author":1,"featured_media":0,"parent":0,"menu_order":0,"comment_status":"closed","ping_status":"closed","template":"","meta":{"footnotes":""},"class_list":["post-83","page","type-page","status-publish","hentry"],"_links":{"self":[{"href":"https:\/\/ecoedilprofessional.com\/index.php\/wp-json\/wp\/v2\/pages\/83","targetHints":{"allow":["GET"]}}],"collection":[{"href":"https:\/\/ecoedilprofessional.com\/index.php\/wp-json\/wp\/v2\/pages"}],"about":[{"href":"https:\/\/ecoedilprofessional.com\/index.php\/wp-json\/wp\/v2\/types\/page"}],"author":[{"embeddable":true,"href":"https:\/\/ecoedilprofessional.com\/index.php\/wp-json\/wp\/v2\/users\/1"}],"replies":[{"embeddable":true,"href":"https:\/\/ecoedilprofessional.com\/index.php\/wp-json\/wp\/v2\/comments?post=83"}],"version-history":[{"count":5,"href":"https:\/\/ecoedilprofessional.com\/index.php\/wp-json\/wp\/v2\/pages\/83\/revisions"}],"predecessor-version":[{"id":401,"href":"https:\/\/ecoedilprofessional.com\/index.php\/wp-json\/wp\/v2\/pages\/83\/revisions\/401"}],"wp:attachment":[{"href":"https:\/\/ecoedilprofessional.com\/index.php\/wp-json\/wp\/v2\/media?parent=83"}],"curies":[{"name":"wp","href":"https:\/\/api.w.org\/{rel}","templated":true}]}}